{"id":334,"date":"2016-11-18T11:23:14","date_gmt":"2016-11-18T11:23:14","guid":{"rendered":"http:\/\/localhost:8888\/obsequy\/?page_id=334"},"modified":"2025-11-26T08:00:12","modified_gmt":"2025-11-26T07:00:12","slug":"servizi","status":"publish","type":"page","link":"https:\/\/www.casafunerariamatese.it\/index.php\/servizi\/","title":{"rendered":"Griglia Servizi"},"content":{"rendered":"<p>[vc_row full_width=&#8221;stretch_row&#8221; css=&#8221;.vc_custom_1480685822818&#8243; el_class=&#8221;accent-bg&#8221;][vc_column][vc_text_separator title=&#8221;I NOSTRI SERVIZI&#8221; color=&#8221;white&#8221;][vc_empty_space height=&#8221;15px&#8221;][vc_row_inner][vc_column_inner][vc_column_text]<\/p>\n<p style=\"text-align: justify;\"><span style=\"font-size: 14pt;\"><span style=\"color: #ffffff;\">La gestione di un evento luttuoso \u00e8 un incarico molto delicato che deve essere vissuto con tatto e competenza, e le onoranze funebri Matese possiedono una grande, consolidata esperienza nel settore perch\u00e9 da decenni la famiglia D\u2019Agostino si occupa dell\u2019organizzazione di funerali a Isernia, in Molise ed in tutta Italia.<\/span><\/span><\/p>\n<p style=\"text-align: justify;\"><span style=\"font-size: 14pt;\"><span style=\"color: #ffffff;\">Matese Onoranze Funebri riesce pertanto a dare un\u2019assistenza a 360 gradi alle famiglie che sono state colpite da un lutto, accompagnandole e guidandole nelle varie situazioni, sin dalla preparazione della salma, alla cerimonia religiosa o in quella laica, ed alla fase di ingresso e tumulazione all\u2019interno dei cimiteri.<\/span><\/span><\/p>\n<p style=\"text-align: justify;\"><span style=\"font-size: 14pt;\"><span style=\"color: #ffffff;\">Il personale altamente qualificato vi accompagner\u00e0 nella preparazione del corpo e nella scelta dei prodotti e dei servizi maggiormente idonei secondo le pi\u00f9 moderne tecniche.<\/span><\/span><\/p>\n<p style=\"text-align: justify;\"><span style=\"font-size: 14pt;\"><span style=\"color: #ffffff;\">Affiancarsi a validi professionisti in momenti cos\u00ec delicati \u00e8 di vitale importanza: ogni scelta affrettata sar\u00e0 un\u2019ipotetica conseguenza negativa di un evento altamente delicato, se gestito da improvvisati.<\/span><\/span><\/p>\n<p style=\"text-align: justify;\"><span style=\"font-size: 14pt;\"><span style=\"color: #ffffff;\">La Matese Onoranze Funebri annoverano nel gruppo pi\u00f9 di 10 collaboratori, i quali vengono costantemente aggiornati e motivati al fine di garantire con plausibile certezza la soddisfazione della propria clientela.<\/span><\/span><\/p>\n<p style=\"text-align: justify;\"><span style=\"font-size: 14pt;\"><span style=\"color: #ffffff;\">Da anni l\u2019alta qualit\u00e0 dei processi di comunicazione, unita all\u2019accortezza, alla professionalit\u00e0 e all\u2019esperienza nel settore delle pompe funebri, hanno dato vita alla giusta alchimia che ad oggi rende unico l\u2019operato della Matese Onoranze Funebri, un\u2019azienda sempre pi\u00f9 spesso presa come modello di riferimento dalle imprese concorrenti.<\/span><\/span><\/p>\n<p style=\"text-align: justify;\"><span style=\"font-size: 14pt;\"><span style=\"color: #ffffff;\">Di seguito presentiamo i servizi funebri che mettiamo a disposizione nella regione di Molise e nel resto d\u2019Italia.<\/span><\/span><\/p>\n<p>[\/vc_column_text][vc_btn title=&#8221;Contattaci&#8221; style=&#8221;outline&#8221; color=&#8221;white&#8221; link=&#8221;url:https%3A%2F%2Fwww.casafunerariamatese.it%2Findex.php%2Fabout-us%2Fcontact-us%2F|title:Contact%20Us||&#8221;][\/vc_column_inner][\/vc_row_inner][vc_empty_space][\/vc_column][\/vc_row][vc_row][vc_column][vc_empty_space][obsequy_services services_view=&#8221;grid&#8221; services_grid_column=&#8221;4&#8243; services_excerpt=&#8221;1&#8243; services_excerpt_number=&#8221;10&#8243; services_more=&#8221;1&#8243; services_more_text=&#8221;LEGGI TUTTO&#8221; services_number=&#8221;10&#8243; services_thumbnail=&#8221;1&#8243; services_pagination=&#8221;1&#8243; services_terms=&#8221;37&#8243;][\/vc_column][\/vc_row]<\/p>\n","protected":false},"excerpt":{"rendered":"<p>[vc_row full_width=&#8221;stretch_row&#8221; css=&#8221;.vc_custom_1480685822818&#8243; el_class=&#8221;accent-bg&#8221;][vc_column][vc_text_separator title=&#8221;I NOSTRI SERVIZI&#8221; color=&#8221;white&#8221;][vc_empty_space height=&#8221;15px&#8221;][vc_row_inner][vc_column_inner][vc_column_text] La gestione di un evento luttuoso \u00e8 un incarico molto delicato che deve essere vissuto con tatto e competenza, e le onoranze funebri Matese possiedono una grande, consolidata esperienza nel settore perch\u00e9 da decenni la famiglia D\u2019Agostino si occupa dell\u2019organizzazione di funerali a Isernia, in Molise ed in tutta Italia. Matese Onoranze Funebri riesce pertanto a dare un\u2019assistenza a 360 gradi alle famiglie che sono state colpite da un lutto, accompagnandole e guidandole nelle varie situazioni, sin dalla preparazione della salma, alla cerimonia religiosa o in quella laica, ed alla fase di ingresso e tumulazione all\u2019interno dei cimiteri. Il personale altamente qualificato vi accompagner\u00e0 nella preparazione del corpo e nella scelta dei prodotti e dei servizi maggiormente idonei secondo le pi\u00f9 moderne tecniche. Affiancarsi a validi professionisti in momenti cos\u00ec delicati \u00e8 di vitale importanza: ogni scelta affrettata sar\u00e0 un\u2019ipotetica conseguenza negativa di un evento altamente delicato, se gestito da improvvisati. La Matese Onoranze Funebri annoverano nel gruppo pi\u00f9 di 10 collaboratori, i quali vengono costantemente aggiornati e motivati al fine di garantire con plausibile certezza la soddisfazione della propria clientela. Da anni l\u2019alta qualit\u00e0 dei processi di comunicazione, unita all\u2019accortezza, alla professionalit\u00e0 e all\u2019esperienza nel settore delle pompe funebri, hanno dato vita alla giusta alchimia che ad oggi rende unico l\u2019operato della Matese Onoranze Funebri, un\u2019azienda sempre pi\u00f9 spesso presa come modello di riferimento dalle imprese concorrenti. Di seguito presentiamo i servizi funebri che mettiamo a disposizione nella regione di Molise e nel resto d\u2019Italia. [\/vc_column_text][vc_btn title=&#8221;Contattaci&#8221; style=&#8221;outline&#8221; color=&#8221;white&#8221; link=&#8221;url:https%3A%2F%2Fwww.casafunerariamatese.it%2Findex.php%2Fabout-us%2Fcontact-us%2F|title:Contact%20Us||&#8221;][\/vc_column_inner][\/vc_row_inner][vc_empty_space][\/vc_column][\/vc_row][vc_row][vc_column][vc_empty_space][obsequy_services services_view=&#8221;grid&#8221; services_grid_column=&#8221;4&#8243; services_excerpt=&#8221;1&#8243; services_excerpt_number=&#8221;10&#8243; services_more=&#8221;1&#8243; services_more_text=&#8221;LEGGI TUTTO&#8221; services_number=&#8221;10&#8243; services_thumbnail=&#8221;1&#8243; services_pagination=&#8221;1&#8243; services_terms=&#8221;37&#8243;][\/vc_column][\/vc_row]<\/p>\n","protected":false},"author":1,"featured_media":0,"parent":0,"menu_order":0,"comment_status":"closed","ping_status":"closed","template":"","meta":{"_joinchat":[]},"yoast_head":"<title>Griglia Servizi - CASA FUNERARIA MATESE<\/title>\n<meta name=\"robots\" content=\"index, follow, max-snippet:-1, max-image-preview:large, max-video-preview:-1\" \/>\n<link rel=\"canonical\" href=\"https:\/\/www.casafunerariamatese.it\/index.php\/servizi\/\" \/>\n<meta property=\"og:locale\" content=\"it_IT\" \/>\n<meta property=\"og:type\" content=\"article\" \/>\n<meta property=\"og:title\" content=\"Griglia Servizi - CASA FUNERARIA MATESE\" \/>\n<meta property=\"og:description\" content=\"[vc_row full_width=&#8221;stretch_row&#8221; css=&#8221;.vc_custom_1480685822818&#8243; el_class=&#8221;accent-bg&#8221;][vc_column][vc_text_separator title=&#8221;I NOSTRI SERVIZI&#8221; color=&#8221;white&#8221;][vc_empty_space height=&#8221;15px&#8221;][vc_row_inner][vc_column_inner][vc_column_text] La gestione di un evento luttuoso \u00e8 un incarico molto delicato che deve essere vissuto con tatto e competenza, e le onoranze funebri Matese possiedono una grande, consolidata esperienza nel settore perch\u00e9 da decenni la famiglia D\u2019Agostino si occupa dell\u2019organizzazione di funerali a Isernia, in Molise ed in tutta Italia. Matese Onoranze Funebri riesce pertanto a dare un\u2019assistenza a 360 gradi alle famiglie che sono state colpite da un lutto, accompagnandole e guidandole nelle varie situazioni, sin dalla preparazione della salma, alla cerimonia religiosa o in quella laica, ed alla fase di ingresso e tumulazione all\u2019interno dei cimiteri. Il personale altamente qualificato vi accompagner\u00e0 nella preparazione del corpo e nella scelta dei prodotti e dei servizi maggiormente idonei secondo le pi\u00f9 moderne tecniche. Affiancarsi a validi professionisti in momenti cos\u00ec delicati \u00e8 di vitale importanza: ogni scelta affrettata sar\u00e0 un\u2019ipotetica conseguenza negativa di un evento altamente delicato, se gestito da improvvisati. La Matese Onoranze Funebri annoverano nel gruppo pi\u00f9 di 10 collaboratori, i quali vengono costantemente aggiornati e motivati al fine di garantire con plausibile certezza la soddisfazione della propria clientela. Da anni l\u2019alta qualit\u00e0 dei processi di comunicazione, unita all\u2019accortezza, alla professionalit\u00e0 e all\u2019esperienza nel settore delle pompe funebri, hanno dato vita alla giusta alchimia che ad oggi rende unico l\u2019operato della Matese Onoranze Funebri, un\u2019azienda sempre pi\u00f9 spesso presa come modello di riferimento dalle imprese concorrenti. Di seguito presentiamo i servizi funebri che mettiamo a disposizione nella regione di Molise e nel resto d\u2019Italia. [\/vc_column_text][vc_btn title=&#8221;Contattaci&#8221; style=&#8221;outline&#8221; color=&#8221;white&#8221; link=&#8221;url:https%3A%2F%2Fwww.casafunerariamatese.it%2Findex.php%2Fabout-us%2Fcontact-us%2F|title:Contact%20Us||&#8221;][\/vc_column_inner][\/vc_row_inner][vc_empty_space][\/vc_column][\/vc_row][vc_row][vc_column][vc_empty_space][obsequy_services services_view=&#8221;grid&#8221; services_grid_column=&#8221;4&#8243; services_excerpt=&#8221;1&#8243; services_excerpt_number=&#8221;10&#8243; services_more=&#8221;1&#8243; services_more_text=&#8221;LEGGI TUTTO&#8221; services_number=&#8221;10&#8243; services_thumbnail=&#8221;1&#8243; services_pagination=&#8221;1&#8243; services_terms=&#8221;37&#8243;][\/vc_column][\/vc_row]\" \/>\n<meta property=\"og:url\" content=\"https:\/\/www.casafunerariamatese.it\/index.php\/servizi\/\" \/>\n<meta property=\"og:site_name\" content=\"CASA FUNERARIA MATESE\" \/>\n<meta property=\"article:publisher\" content=\"https:\/\/www.facebook.com\/casafunerariamatese\" \/>\n<meta property=\"article:modified_time\" content=\"2025-11-26T07:00:12+00:00\" \/>\n<meta name=\"twitter:card\" content=\"summary_large_image\" \/>\n<meta name=\"twitter:label1\" content=\"Tempo di lettura stimato\" \/>\n\t<meta name=\"twitter:data1\" content=\"2 minuti\" \/>\n<script type=\"application\/ld+json\" class=\"yoast-schema-graph\">{\"@context\":\"https:\/\/schema.org\",\"@graph\":[{\"@type\":\"Organization\",\"@id\":\"https:\/\/www.casafunerariamatese.it\/index.php\/#organization\",\"name\":\"Casa Funeraria Matese\",\"url\":\"https:\/\/www.casafunerariamatese.it\/index.php\/\",\"sameAs\":[\"https:\/\/www.facebook.com\/casafunerariamatese\"],\"logo\":{\"@type\":\"ImageObject\",\"inLanguage\":\"it-IT\",\"@id\":\"https:\/\/www.casafunerariamatese.it\/index.php\/#\/schema\/logo\/image\/\",\"url\":\"https:\/\/www.casafunerariamatese.it\/wp-content\/uploads\/2022\/05\/RETT_NERO_250.png\",\"contentUrl\":\"https:\/\/www.casafunerariamatese.it\/wp-content\/uploads\/2022\/05\/RETT_NERO_250.png\",\"width\":250,\"height\":104,\"caption\":\"Casa Funeraria Matese\"},\"image\":{\"@id\":\"https:\/\/www.casafunerariamatese.it\/index.php\/#\/schema\/logo\/image\/\"}},{\"@type\":\"WebSite\",\"@id\":\"https:\/\/www.casafunerariamatese.it\/index.php\/#website\",\"url\":\"https:\/\/www.casafunerariamatese.it\/index.php\/\",\"name\":\"CASA FUNERARIA MATESE\",\"description\":\"Casa Funeraria e Onoranze Funebri\",\"publisher\":{\"@id\":\"https:\/\/www.casafunerariamatese.it\/index.php\/#organization\"},\"potentialAction\":[{\"@type\":\"SearchAction\",\"target\":{\"@type\":\"EntryPoint\",\"urlTemplate\":\"https:\/\/www.casafunerariamatese.it\/index.php\/?s={search_term_string}\"},\"query-input\":\"required name=search_term_string\"}],\"inLanguage\":\"it-IT\"},{\"@type\":\"WebPage\",\"@id\":\"https:\/\/www.casafunerariamatese.it\/index.php\/servizi\/\",\"url\":\"https:\/\/www.casafunerariamatese.it\/index.php\/servizi\/\",\"name\":\"Griglia Servizi - CASA FUNERARIA MATESE\",\"isPartOf\":{\"@id\":\"https:\/\/www.casafunerariamatese.it\/index.php\/#website\"},\"datePublished\":\"2016-11-18T11:23:14+00:00\",\"dateModified\":\"2025-11-26T07:00:12+00:00\",\"breadcrumb\":{\"@id\":\"https:\/\/www.casafunerariamatese.it\/index.php\/servizi\/#breadcrumb\"},\"inLanguage\":\"it-IT\",\"potentialAction\":[{\"@type\":\"ReadAction\",\"target\":[\"https:\/\/www.casafunerariamatese.it\/index.php\/servizi\/\"]}]},{\"@type\":\"BreadcrumbList\",\"@id\":\"https:\/\/www.casafunerariamatese.it\/index.php\/servizi\/#breadcrumb\",\"itemListElement\":[{\"@type\":\"ListItem\",\"position\":1,\"name\":\"Home\",\"item\":\"https:\/\/www.casafunerariamatese.it\/index.php\/\"},{\"@type\":\"ListItem\",\"position\":2,\"name\":\"Griglia Servizi\"}]}]}<\/script>","yoast_head_json":{"title":"Griglia Servizi - CASA FUNERARIA MATESE","robots":{"index":"index","follow":"follow","max-snippet":"max-snippet:-1","max-image-preview":"max-image-preview:large","max-video-preview":"max-video-preview:-1"},"canonical":"https:\/\/www.casafunerariamatese.it\/index.php\/servizi\/","og_locale":"it_IT","og_type":"article","og_title":"Griglia Servizi - CASA FUNERARIA MATESE","og_description":"[vc_row full_width=&#8221;stretch_row&#8221; css=&#8221;.vc_custom_1480685822818&#8243; el_class=&#8221;accent-bg&#8221;][vc_column][vc_text_separator title=&#8221;I NOSTRI SERVIZI&#8221; color=&#8221;white&#8221;][vc_empty_space height=&#8221;15px&#8221;][vc_row_inner][vc_column_inner][vc_column_text] La gestione di un evento luttuoso \u00e8 un incarico molto delicato che deve essere vissuto con tatto e competenza, e le onoranze funebri Matese possiedono una grande, consolidata esperienza nel settore perch\u00e9 da decenni la famiglia D\u2019Agostino si occupa dell\u2019organizzazione di funerali a Isernia, in Molise ed in tutta Italia. Matese Onoranze Funebri riesce pertanto a dare un\u2019assistenza a 360 gradi alle famiglie che sono state colpite da un lutto, accompagnandole e guidandole nelle varie situazioni, sin dalla preparazione della salma, alla cerimonia religiosa o in quella laica, ed alla fase di ingresso e tumulazione all\u2019interno dei cimiteri. Il personale altamente qualificato vi accompagner\u00e0 nella preparazione del corpo e nella scelta dei prodotti e dei servizi maggiormente idonei secondo le pi\u00f9 moderne tecniche. Affiancarsi a validi professionisti in momenti cos\u00ec delicati \u00e8 di vitale importanza: ogni scelta affrettata sar\u00e0 un\u2019ipotetica conseguenza negativa di un evento altamente delicato, se gestito da improvvisati. La Matese Onoranze Funebri annoverano nel gruppo pi\u00f9 di 10 collaboratori, i quali vengono costantemente aggiornati e motivati al fine di garantire con plausibile certezza la soddisfazione della propria clientela. Da anni l\u2019alta qualit\u00e0 dei processi di comunicazione, unita all\u2019accortezza, alla professionalit\u00e0 e all\u2019esperienza nel settore delle pompe funebri, hanno dato vita alla giusta alchimia che ad oggi rende unico l\u2019operato della Matese Onoranze Funebri, un\u2019azienda sempre pi\u00f9 spesso presa come modello di riferimento dalle imprese concorrenti. Di seguito presentiamo i servizi funebri che mettiamo a disposizione nella regione di Molise e nel resto d\u2019Italia. [\/vc_column_text][vc_btn title=&#8221;Contattaci&#8221; style=&#8221;outline&#8221; color=&#8221;white&#8221; link=&#8221;url:https%3A%2F%2Fwww.casafunerariamatese.it%2Findex.php%2Fabout-us%2Fcontact-us%2F|title:Contact%20Us||&#8221;][\/vc_column_inner][\/vc_row_inner][vc_empty_space][\/vc_column][\/vc_row][vc_row][vc_column][vc_empty_space][obsequy_services services_view=&#8221;grid&#8221; services_grid_column=&#8221;4&#8243; services_excerpt=&#8221;1&#8243; services_excerpt_number=&#8221;10&#8243; services_more=&#8221;1&#8243; services_more_text=&#8221;LEGGI TUTTO&#8221; services_number=&#8221;10&#8243; services_thumbnail=&#8221;1&#8243; services_pagination=&#8221;1&#8243; services_terms=&#8221;37&#8243;][\/vc_column][\/vc_row]","og_url":"https:\/\/www.casafunerariamatese.it\/index.php\/servizi\/","og_site_name":"CASA FUNERARIA MATESE","article_publisher":"https:\/\/www.facebook.com\/casafunerariamatese","article_modified_time":"2025-11-26T07:00:12+00:00","twitter_card":"summary_large_image","twitter_misc":{"Tempo di lettura stimato":"2 minuti"},"schema":{"@context":"https:\/\/schema.org","@graph":[{"@type":"Organization","@id":"https:\/\/www.casafunerariamatese.it\/index.php\/#organization","name":"Casa Funeraria Matese","url":"https:\/\/www.casafunerariamatese.it\/index.php\/","sameAs":["https:\/\/www.facebook.com\/casafunerariamatese"],"logo":{"@type":"ImageObject","inLanguage":"it-IT","@id":"https:\/\/www.casafunerariamatese.it\/index.php\/#\/schema\/logo\/image\/","url":"https:\/\/www.casafunerariamatese.it\/wp-content\/uploads\/2022\/05\/RETT_NERO_250.png","contentUrl":"https:\/\/www.casafunerariamatese.it\/wp-content\/uploads\/2022\/05\/RETT_NERO_250.png","width":250,"height":104,"caption":"Casa Funeraria Matese"},"image":{"@id":"https:\/\/www.casafunerariamatese.it\/index.php\/#\/schema\/logo\/image\/"}},{"@type":"WebSite","@id":"https:\/\/www.casafunerariamatese.it\/index.php\/#website","url":"https:\/\/www.casafunerariamatese.it\/index.php\/","name":"CASA FUNERARIA MATESE","description":"Casa Funeraria e Onoranze Funebri","publisher":{"@id":"https:\/\/www.casafunerariamatese.it\/index.php\/#organization"},"potentialAction":[{"@type":"SearchAction","target":{"@type":"EntryPoint","urlTemplate":"https:\/\/www.casafunerariamatese.it\/index.php\/?s={search_term_string}"},"query-input":"required name=search_term_string"}],"inLanguage":"it-IT"},{"@type":"WebPage","@id":"https:\/\/www.casafunerariamatese.it\/index.php\/servizi\/","url":"https:\/\/www.casafunerariamatese.it\/index.php\/servizi\/","name":"Griglia Servizi - CASA FUNERARIA MATESE","isPartOf":{"@id":"https:\/\/www.casafunerariamatese.it\/index.php\/#website"},"datePublished":"2016-11-18T11:23:14+00:00","dateModified":"2025-11-26T07:00:12+00:00","breadcrumb":{"@id":"https:\/\/www.casafunerariamatese.it\/index.php\/servizi\/#breadcrumb"},"inLanguage":"it-IT","potentialAction":[{"@type":"ReadAction","target":["https:\/\/www.casafunerariamatese.it\/index.php\/servizi\/"]}]},{"@type":"BreadcrumbList","@id":"https:\/\/www.casafunerariamatese.it\/index.php\/servizi\/#breadcrumb","itemListElement":[{"@type":"ListItem","position":1,"name":"Home","item":"https:\/\/www.casafunerariamatese.it\/index.php\/"},{"@type":"ListItem","position":2,"name":"Griglia Servizi"}]}]}},"_links":{"self":[{"href":"https:\/\/www.casafunerariamatese.it\/index.php\/wp-json\/wp\/v2\/pages\/334"}],"collection":[{"href":"https:\/\/www.casafunerariamatese.it\/index.php\/wp-json\/wp\/v2\/pages"}],"about":[{"href":"https:\/\/www.casafunerariamatese.it\/index.php\/wp-json\/wp\/v2\/types\/page"}],"author":[{"embeddable":true,"href":"https:\/\/www.casafunerariamatese.it\/index.php\/wp-json\/wp\/v2\/users\/1"}],"replies":[{"embeddable":true,"href":"https:\/\/www.casafunerariamatese.it\/index.php\/wp-json\/wp\/v2\/comments?post=334"}],"version-history":[{"count":13,"href":"https:\/\/www.casafunerariamatese.it\/index.php\/wp-json\/wp\/v2\/pages\/334\/revisions"}],"predecessor-version":[{"id":4326,"href":"https:\/\/www.casafunerariamatese.it\/index.php\/wp-json\/wp\/v2\/pages\/334\/revisions\/4326"}],"wp:attachment":[{"href":"https:\/\/www.casafunerariamatese.it\/index.php\/wp-json\/wp\/v2\/media?parent=334"}],"curies":[{"name":"wp","href":"https:\/\/api.w.org\/{rel}","templated":true}]}}